{"id":276,"date":"2019-03-21T10:30:16","date_gmt":"2019-03-21T09:30:16","guid":{"rendered":"https:\/\/slidesmedia.com\/termos-de-uso\/"},"modified":"2019-03-21T10:30:16","modified_gmt":"2019-03-21T09:30:16","slug":"termos-de-uso","status":"publish","type":"page","link":"https:\/\/slidesmedia.com\/pt-br\/termos-de-uso\/","title":{"rendered":"Termos de uso"},"content":{"rendered":"<p>Por favor leia atentamente as seguintes condi\u00e7\u00f5es de utiliza\u00e7\u00e3o antes de utilizar Slidesmedia.com. Ao usar nossos t\u00f3picos de submiss\u00e3o, voc\u00ea concorda em respeitar estes termos de uso em sua totalidade. Se voc\u00ea n\u00e3o concordar com estes termos de uso ou qualquer parte dele, voc\u00ea n\u00e3o tem o direito de usar nossos t\u00f3picos de submiss\u00e3o.<\/p>\n<h2>Usando nossos t\u00f3picos para apresenta\u00e7\u00f5es<\/h2>\n<ul>\n<li>\u00c9 livre para copiar e criar sua pr\u00f3pria apresenta\u00e7\u00e3o.<\/li>\n<li>Voc\u00ea pode usar qualquer um dos nossos modelos para criar conte\u00fado para suas redes sociais.<\/li>\n<li>Voc\u00ea tamb\u00e9m pode compartilhar nossos modelos com um amigo ou conhecido.<\/li>\n<li>Voc\u00ea pode fazer modifica\u00e7\u00f5es e transforma\u00e7\u00f5es para qualquer finalidade (mesmo para fins comerciais).<\/li>\n<\/ul>\n<h2>Uso comercial de nossos t\u00f3picos para apresenta\u00e7\u00f5es<\/h2>\n<ul>\n<li>Nossos t\u00f3picos de apresenta\u00e7\u00e3o n\u00e3o est\u00e3o \u00e0 venda.<\/li>\n<li>Voc\u00ea n\u00e3o pode usar nossos temas para apresenta\u00e7\u00f5es como uma maneira de ganhar dinheiro. Se voc\u00ea usar o nosso modelo para oferec\u00ea-lo em seu site ou outra plataforma, voc\u00ea deve informar que o modelo pertence a Slidesmedia.com com um link para o nosso site. Isso tamb\u00e9m afetar\u00e1 aqueles que modificaram nosso modelo para seus prop\u00f3sitos.<\/li>\n<\/ul>\n<h2>Proibi\u00e7\u00f5es sobre o uso de nossos t\u00f3picos para apresenta\u00e7\u00f5es<\/h2>\n<ul>\n<li>Voc\u00ea n\u00e3o tem os direitos de revenda, sublicenciar ou redistribuir (mesmo para livre) os arquivos por conta pr\u00f3pria.<\/li>\n<\/ul>\n","protected":false},"excerpt":{"rendered":"<p>Por favor leia atentamente as seguintes condi\u00e7\u00f5es de utiliza\u00e7\u00e3o antes de utilizar Slidesmedia.com. Ao usar nossos t\u00f3picos de submiss\u00e3o, voc\u00ea concorda em respeitar estes termos de uso em sua totalidade. Se voc\u00ea n\u00e3o concordar com estes termos de uso ou [&hellip;]<\/p>\n","protected":false},"author":2,"featured_media":0,"parent":0,"menu_order":0,"comment_status":"closed","ping_status":"closed","template":"","meta":{"_acf_changed":false,"site-sidebar-layout":"default","site-content-layout":"","ast-site-content-layout":"default","site-content-style":"default","site-sidebar-style":"default","ast-global-header-display":"","ast-banner-title-visibility":"","ast-main-header-display":"","ast-hfb-above-header-display":"","ast-hfb-below-header-display":"","ast-hfb-mobile-header-display":"","site-post-title":"","ast-breadcrumbs-content":"","ast-featured-img":"","footer-sml-layout":"","ast-disable-related-posts":"","theme-transparent-header-meta":"","adv-header-id-meta":"","stick-header-meta":"","header-above-stick-meta":"","header-main-stick-meta":"","header-below-stick-meta":"","astra-migrate-meta-layouts":"default","ast-page-background-enabled":"default","ast-page-background-meta":{"desktop":{"background-color":"var(--ast-global-color-4)","background-image":"","background-repeat":"repeat","background-position":"center center","background-size":"auto","background-attachment":"scroll","background-type":"","background-media":"","overlay-type":"","overlay-color":"","overlay-opacity":"","overlay-gradient":""},"tablet":{"background-color":"","background-image":"","background-repeat":"repeat","background-position":"center center","background-size":"auto","background-attachment":"scroll","background-type":"","background-media":"","overlay-type":"","overlay-color":"","overlay-opacity":"","overlay-gradient":""},"mobile":{"background-color":"","background-image":"","background-repeat":"repeat","background-position":"center center","background-size":"auto","background-attachment":"scroll","background-type":"","background-media":"","overlay-type":"","overlay-color":"","overlay-opacity":"","overlay-gradient":""}},"ast-content-background-meta":{"desktop":{"background-color":"var(--ast-global-color-5)","background-image":"","background-repeat":"repeat","background-position":"center center","background-size":"auto","background-attachment":"scroll","background-type":"","background-media":"","overlay-type":"","overlay-color":"","overlay-opacity":"","overlay-gradient":""},"tablet":{"background-color":"var(--ast-global-color-5)","background-image":"","background-repeat":"repeat","background-position":"center center","background-size":"auto","background-attachment":"scroll","background-type":"","background-media":"","overlay-type":"","overlay-color":"","overlay-opacity":"","overlay-gradient":""},"mobile":{"background-color":"var(--ast-global-color-5)","background-image":"","background-repeat":"repeat","background-position":"center center","background-size":"auto","background-attachment":"scroll","background-type":"","background-media":"","overlay-type":"","overlay-color":"","overlay-opacity":"","overlay-gradient":""}},"footnotes":""},"class_list":["post-276","page","type-page","status-publish","hentry"],"acf":[],"_links":{"self":[{"href":"https:\/\/slidesmedia.com\/pt-br\/wp-json\/wp\/v2\/pages\/276","targetHints":{"allow":["GET"]}}],"collection":[{"href":"https:\/\/slidesmedia.com\/pt-br\/wp-json\/wp\/v2\/pages"}],"about":[{"href":"https:\/\/slidesmedia.com\/pt-br\/wp-json\/wp\/v2\/types\/page"}],"author":[{"embeddable":true,"href":"https:\/\/slidesmedia.com\/pt-br\/wp-json\/wp\/v2\/users\/2"}],"replies":[{"embeddable":true,"href":"https:\/\/slidesmedia.com\/pt-br\/wp-json\/wp\/v2\/comments?post=276"}],"version-history":[{"count":0,"href":"https:\/\/slidesmedia.com\/pt-br\/wp-json\/wp\/v2\/pages\/276\/revisions"}],"wp:attachment":[{"href":"https:\/\/slidesmedia.com\/pt-br\/wp-json\/wp\/v2\/media?parent=276"}],"curies":[{"name":"wp","href":"https:\/\/api.w.org\/{rel}","templated":true}]}}