{"id":234,"date":"2019-03-19T19:23:24","date_gmt":"2019-03-19T18:23:24","guid":{"rendered":"https:\/\/slidesmedia.com\/quem-somos\/"},"modified":"2019-03-19T19:23:24","modified_gmt":"2019-03-19T18:23:24","slug":"quem-somos","status":"publish","type":"page","link":"https:\/\/slidesmedia.com\/pt-br\/quem-somos\/","title":{"rendered":"Quem somos"},"content":{"rendered":"<p>Slidesmedia.com \u00e9 um site onde hospedamos t\u00f3picos para apresenta\u00e7\u00f5es que voc\u00ea pode baixar para uso pessoal totalmente gratuito. Estes t\u00f3picos s\u00e3o 100 compat\u00edveis com a maioria dos softwares focados em apresenta\u00e7\u00f5es, tais como: PowerPoint, Google slides, OpenOffice impress ou Keynote.<\/p>\n<p>Nossos t\u00f3picos t\u00eam tudo que voc\u00ea precisa para comunicar sua mensagem de forma eficiente para os espectadores da apresenta\u00e7\u00e3o, eo melhor de tudo \u00e9 que voc\u00ea n\u00e3o ter\u00e1 que pagar nada, uma vez que s\u00e3o completamente livres. Temos t\u00f3picos para todos os tipos de campos: de apresenta\u00e7\u00f5es mais formais ou profissionais, para mais criativos e despreocupados. Al\u00e9m disso, semana ap\u00f3s semana vamos subir mais, por isso recomendamos que voc\u00ea esteja atento.<\/p>\n<p>Se voc\u00ea gostou de um t\u00f3pico de Slidesmedia.com n\u00f3s pedimos que voc\u00ea a divulgue nas redes sociais. Voc\u00ea vai nos ajudar a obter mais pessoas para conhecer o nosso projeto e baixar nossos t\u00f3picos de gra\u00e7a.<\/p>\n","protected":false},"excerpt":{"rendered":"<p>Slidesmedia.com \u00e9 um site onde hospedamos t\u00f3picos para apresenta\u00e7\u00f5es que voc\u00ea pode baixar para uso pessoal totalmente gratuito. Estes t\u00f3picos s\u00e3o 100 compat\u00edveis com a maioria dos softwares focados em apresenta\u00e7\u00f5es, tais como: PowerPoint, Google slides, OpenOffice impress ou Keynote. [&hellip;]<\/p>\n","protected":false},"author":2,"featured_media":0,"parent":0,"menu_order":0,"comment_status":"closed","ping_status":"closed","template":"","meta":{"_acf_changed":false,"site-sidebar-layout":"default","site-content-layout":"","ast-site-content-layout":"default","site-content-style":"default","site-sidebar-style":"default","ast-global-header-display":"","ast-banner-title-visibility":"","ast-main-header-display":"","ast-hfb-above-header-display":"","ast-hfb-below-header-display":"","ast-hfb-mobile-header-display":"","site-post-title":"","ast-breadcrumbs-content":"","ast-featured-img":"","footer-sml-layout":"","ast-disable-related-posts":"","theme-transparent-header-meta":"","adv-header-id-meta":"","stick-header-meta":"","header-above-stick-meta":"","header-main-stick-meta":"","header-below-stick-meta":"","astra-migrate-meta-layouts":"default","ast-page-background-enabled":"default","ast-page-background-meta":{"desktop":{"background-color":"var(--ast-global-color-4)","background-image":"","background-repeat":"repeat","background-position":"center center","background-size":"auto","background-attachment":"scroll","background-type":"","background-media":"","overlay-type":"","overlay-color":"","overlay-opacity":"","overlay-gradient":""},"tablet":{"background-color":"","background-image":"","background-repeat":"repeat","background-position":"center center","background-size":"auto","background-attachment":"scroll","background-type":"","background-media":"","overlay-type":"","overlay-color":"","overlay-opacity":"","overlay-gradient":""},"mobile":{"background-color":"","background-image":"","background-repeat":"repeat","background-position":"center center","background-size":"auto","background-attachment":"scroll","background-type":"","background-media":"","overlay-type":"","overlay-color":"","overlay-opacity":"","overlay-gradient":""}},"ast-content-background-meta":{"desktop":{"background-color":"var(--ast-global-color-5)","background-image":"","background-repeat":"repeat","background-position":"center center","background-size":"auto","background-attachment":"scroll","background-type":"","background-media":"","overlay-type":"","overlay-color":"","overlay-opacity":"","overlay-gradient":""},"tablet":{"background-color":"var(--ast-global-color-5)","background-image":"","background-repeat":"repeat","background-position":"center center","background-size":"auto","background-attachment":"scroll","background-type":"","background-media":"","overlay-type":"","overlay-color":"","overlay-opacity":"","overlay-gradient":""},"mobile":{"background-color":"var(--ast-global-color-5)","background-image":"","background-repeat":"repeat","background-position":"center center","background-size":"auto","background-attachment":"scroll","background-type":"","background-media":"","overlay-type":"","overlay-color":"","overlay-opacity":"","overlay-gradient":""}},"footnotes":""},"class_list":["post-234","page","type-page","status-publish","hentry"],"acf":[],"_links":{"self":[{"href":"https:\/\/slidesmedia.com\/pt-br\/wp-json\/wp\/v2\/pages\/234","targetHints":{"allow":["GET"]}}],"collection":[{"href":"https:\/\/slidesmedia.com\/pt-br\/wp-json\/wp\/v2\/pages"}],"about":[{"href":"https:\/\/slidesmedia.com\/pt-br\/wp-json\/wp\/v2\/types\/page"}],"author":[{"embeddable":true,"href":"https:\/\/slidesmedia.com\/pt-br\/wp-json\/wp\/v2\/users\/2"}],"replies":[{"embeddable":true,"href":"https:\/\/slidesmedia.com\/pt-br\/wp-json\/wp\/v2\/comments?post=234"}],"version-history":[{"count":0,"href":"https:\/\/slidesmedia.com\/pt-br\/wp-json\/wp\/v2\/pages\/234\/revisions"}],"wp:attachment":[{"href":"https:\/\/slidesmedia.com\/pt-br\/wp-json\/wp\/v2\/media?parent=234"}],"curies":[{"name":"wp","href":"https:\/\/api.w.org\/{rel}","templated":true}]}}