{"id":351,"date":"2019-03-26T10:16:06","date_gmt":"2019-03-26T09:16:06","guid":{"rendered":"https:\/\/slidesmedia.com\/qui-sommes-nous\/"},"modified":"2019-03-26T10:16:07","modified_gmt":"2019-03-26T09:16:07","slug":"qui-sommes-nous","status":"publish","type":"page","link":"https:\/\/slidesmedia.com\/fr\/qui-sommes-nous\/","title":{"rendered":"Qui sommes-nous"},"content":{"rendered":"<p>Slidesmedia.com est un site Web o\u00f9 nous h\u00e9bergeons des sujets pour les pr\u00e9sentations que vous pouvez t\u00e9l\u00e9charger pour un usage personnel enti\u00e8rement gratuit. Ces rubriques sont 100 compatibles avec la majorit\u00e9 des logiciels ax\u00e9s sur les pr\u00e9sentations, tels que: PowerPoint, Google diapositives, OpenOffice Impress ou Keynote.<\/p>\n<p>Nos th\u00e8mes ont tout ce dont vous avez besoin pour communiquer votre message efficacement aux t\u00e9l\u00e9spectateurs de la pr\u00e9sentation, et le meilleur de tous est que vous n&rsquo;aurez pas \u00e0 payer quoi que ce soit car ils sont compl\u00e8tement gratuits. Nous th\u00e8mes th\u00e9matiques pour toutes sortes de domaines: des pr\u00e9sentations plus formelles ou professionnelles, \u00e0 plus cr\u00e9atif et insouciant. Aussi, semaine apr\u00e8s semaine, nous irons plus, donc nous vous recommandons d&rsquo;\u00eatre attentif.<\/p>\n<p>Si vous avez aim\u00e9 un sujet de Slidesmedia.com nous vous demandons de le diffuser dans les r\u00e9seaux sociaux. Vous allez nous aider \u00e0 obtenir plus de gens \u00e0 conna\u00eetre notre projet et t\u00e9l\u00e9charger nos th\u00e8mes gratuitement.<\/p>\n","protected":false},"excerpt":{"rendered":"<p>Slidesmedia.com est un site Web o\u00f9 nous h\u00e9bergeons des sujets pour les pr\u00e9sentations que vous pouvez t\u00e9l\u00e9charger pour un usage personnel enti\u00e8rement gratuit. Ces rubriques sont 100 compatibles avec la majorit\u00e9 des logiciels ax\u00e9s sur les pr\u00e9sentations, tels que: PowerPoint, [&hellip;]<\/p>\n","protected":false},"author":2,"featured_media":0,"parent":0,"menu_order":0,"comment_status":"closed","ping_status":"closed","template":"","meta":{"_acf_changed":false,"site-sidebar-layout":"default","site-content-layout":"","ast-site-content-layout":"default","site-content-style":"default","site-sidebar-style":"default","ast-global-header-display":"","ast-banner-title-visibility":"","ast-main-header-display":"","ast-hfb-above-header-display":"","ast-hfb-below-header-display":"","ast-hfb-mobile-header-display":"","site-post-title":"","ast-breadcrumbs-content":"","ast-featured-img":"","footer-sml-layout":"","ast-disable-related-posts":"","theme-transparent-header-meta":"","adv-header-id-meta":"","stick-header-meta":"","header-above-stick-meta":"","header-main-stick-meta":"","header-below-stick-meta":"","astra-migrate-meta-layouts":"default","ast-page-background-enabled":"default","ast-page-background-meta":{"desktop":{"background-color":"var(--ast-global-color-4)","background-image":"","background-repeat":"repeat","background-position":"center center","background-size":"auto","background-attachment":"scroll","background-type":"","background-media":"","overlay-type":"","overlay-color":"","overlay-opacity":"","overlay-gradient":""},"tablet":{"background-color":"","background-image":"","background-repeat":"repeat","background-position":"center center","background-size":"auto","background-attachment":"scroll","background-type":"","background-media":"","overlay-type":"","overlay-color":"","overlay-opacity":"","overlay-gradient":""},"mobile":{"background-color":"","background-image":"","background-repeat":"repeat","background-position":"center center","background-size":"auto","background-attachment":"scroll","background-type":"","background-media":"","overlay-type":"","overlay-color":"","overlay-opacity":"","overlay-gradient":""}},"ast-content-background-meta":{"desktop":{"background-color":"var(--ast-global-color-5)","background-image":"","background-repeat":"repeat","background-position":"center center","background-size":"auto","background-attachment":"scroll","background-type":"","background-media":"","overlay-type":"","overlay-color":"","overlay-opacity":"","overlay-gradient":""},"tablet":{"background-color":"var(--ast-global-color-5)","background-image":"","background-repeat":"repeat","background-position":"center center","background-size":"auto","background-attachment":"scroll","background-type":"","background-media":"","overlay-type":"","overlay-color":"","overlay-opacity":"","overlay-gradient":""},"mobile":{"background-color":"var(--ast-global-color-5)","background-image":"","background-repeat":"repeat","background-position":"center center","background-size":"auto","background-attachment":"scroll","background-type":"","background-media":"","overlay-type":"","overlay-color":"","overlay-opacity":"","overlay-gradient":""}},"footnotes":""},"class_list":["post-351","page","type-page","status-publish","hentry"],"acf":[],"_links":{"self":[{"href":"https:\/\/slidesmedia.com\/fr\/wp-json\/wp\/v2\/pages\/351","targetHints":{"allow":["GET"]}}],"collection":[{"href":"https:\/\/slidesmedia.com\/fr\/wp-json\/wp\/v2\/pages"}],"about":[{"href":"https:\/\/slidesmedia.com\/fr\/wp-json\/wp\/v2\/types\/page"}],"author":[{"embeddable":true,"href":"https:\/\/slidesmedia.com\/fr\/wp-json\/wp\/v2\/users\/2"}],"replies":[{"embeddable":true,"href":"https:\/\/slidesmedia.com\/fr\/wp-json\/wp\/v2\/comments?post=351"}],"version-history":[{"count":0,"href":"https:\/\/slidesmedia.com\/fr\/wp-json\/wp\/v2\/pages\/351\/revisions"}],"wp:attachment":[{"href":"https:\/\/slidesmedia.com\/fr\/wp-json\/wp\/v2\/media?parent=351"}],"curies":[{"name":"wp","href":"https:\/\/api.w.org\/{rel}","templated":true}]}}