{"id":343,"date":"2019-03-26T10:11:03","date_gmt":"2019-03-26T09:11:03","guid":{"rendered":"https:\/\/slidesmedia.com\/conditions-dutilisation\/"},"modified":"2019-03-26T10:11:06","modified_gmt":"2019-03-26T09:11:06","slug":"conditions-dutilisation","status":"publish","type":"page","link":"https:\/\/slidesmedia.com\/fr\/conditions-dutilisation\/","title":{"rendered":"Conditions d&rsquo;utilisation"},"content":{"rendered":"<p>Veuillez lire attentivement les conditions d&rsquo;utilisation suivantes avant d&rsquo;utiliser Slidesmedia.com. En utilisant nos rubriques de soumission, vous acceptez de vous conformer \u00e0 ces conditions d&rsquo;utilisation dans son int\u00e9gralit\u00e9. Si vous n&rsquo;\u00eates pas d&rsquo;accord avec ces conditions d&rsquo;utilisation ou une partie de ceux-ci, vous n&rsquo;avez pas le droit d&rsquo;utiliser nos rubriques de soumission.<\/p>\n<h2>Utilisation de nos rubriques pour les pr\u00e9sentations<\/h2>\n<ul>\n<li>Il est libre de copier et de cr\u00e9er votre propre pr\u00e9sentation.<\/li>\n<li>Vous pouvez utiliser n&rsquo;importe lequel de nos mod\u00e8les pour cr\u00e9er du contenu pour vos r\u00e9seaux sociaux.<\/li>\n<li>Vous pouvez \u00e9galement partager nos mod\u00e8les avec un ami ou une connaissance.<\/li>\n<li>Vous pouvez apporter des modifications et des transformations \u00e0 n&rsquo;importe quel but (m\u00eame \u00e0 des fins commerciales).<\/li>\n<\/ul>\n<h2>Utilisation commerciale de nos sujets pour les pr\u00e9sentations<\/h2>\n<ul>\n<li>Nos sujets de pr\u00e9sentation ne sont pas \u00e0 vendre.<\/li>\n<li>Vous ne pouvez pas utiliser nos th\u00e8mes pour les pr\u00e9sentations comme un moyen de faire de l&rsquo;argent. Si vous utilisez notre mod\u00e8le pour l&rsquo;offrir sur votre site Web ou une autre plate-forme, vous devez informer que le mod\u00e8le appartient \u00e0 Slidesmedia.com avec un lien vers notre site Web. Cela affectera \u00e9galement ceux qui ont modifi\u00e9 notre mod\u00e8le \u00e0 leurs fins.<\/li>\n<\/ul>\n<h2>Interdictions sur l&rsquo;utilisation de nos sujets pour les pr\u00e9sentations<\/h2>\n<ul>\n<li>Vous n&rsquo;avez pas les droits de revendre, sous-licencier ou redistribuer (m\u00eame gratuitement) les fichiers par eux-m\u00eames.<\/li>\n<\/ul>\n","protected":false},"excerpt":{"rendered":"<p>Veuillez lire attentivement les conditions d&rsquo;utilisation suivantes avant d&rsquo;utiliser Slidesmedia.com. En utilisant nos rubriques de soumission, vous acceptez de vous conformer \u00e0 ces conditions d&rsquo;utilisation dans son int\u00e9gralit\u00e9. Si vous n&rsquo;\u00eates pas d&rsquo;accord avec ces conditions d&rsquo;utilisation ou une partie [&hellip;]<\/p>\n","protected":false},"author":2,"featured_media":0,"parent":0,"menu_order":0,"comment_status":"closed","ping_status":"closed","template":"","meta":{"_acf_changed":false,"site-sidebar-layout":"default","site-content-layout":"","ast-site-content-layout":"default","site-content-style":"default","site-sidebar-style":"default","ast-global-header-display":"","ast-banner-title-visibility":"","ast-main-header-display":"","ast-hfb-above-header-display":"","ast-hfb-below-header-display":"","ast-hfb-mobile-header-display":"","site-post-title":"","ast-breadcrumbs-content":"","ast-featured-img":"","footer-sml-layout":"","ast-disable-related-posts":"","theme-transparent-header-meta":"","adv-header-id-meta":"","stick-header-meta":"","header-above-stick-meta":"","header-main-stick-meta":"","header-below-stick-meta":"","astra-migrate-meta-layouts":"default","ast-page-background-enabled":"default","ast-page-background-meta":{"desktop":{"background-color":"var(--ast-global-color-4)","background-image":"","background-repeat":"repeat","background-position":"center center","background-size":"auto","background-attachment":"scroll","background-type":"","background-media":"","overlay-type":"","overlay-color":"","overlay-opacity":"","overlay-gradient":""},"tablet":{"background-color":"","background-image":"","background-repeat":"repeat","background-position":"center center","background-size":"auto","background-attachment":"scroll","background-type":"","background-media":"","overlay-type":"","overlay-color":"","overlay-opacity":"","overlay-gradient":""},"mobile":{"background-color":"","background-image":"","background-repeat":"repeat","background-position":"center center","background-size":"auto","background-attachment":"scroll","background-type":"","background-media":"","overlay-type":"","overlay-color":"","overlay-opacity":"","overlay-gradient":""}},"ast-content-background-meta":{"desktop":{"background-color":"var(--ast-global-color-5)","background-image":"","background-repeat":"repeat","background-position":"center center","background-size":"auto","background-attachment":"scroll","background-type":"","background-media":"","overlay-type":"","overlay-color":"","overlay-opacity":"","overlay-gradient":""},"tablet":{"background-color":"var(--ast-global-color-5)","background-image":"","background-repeat":"repeat","background-position":"center center","background-size":"auto","background-attachment":"scroll","background-type":"","background-media":"","overlay-type":"","overlay-color":"","overlay-opacity":"","overlay-gradient":""},"mobile":{"background-color":"var(--ast-global-color-5)","background-image":"","background-repeat":"repeat","background-position":"center center","background-size":"auto","background-attachment":"scroll","background-type":"","background-media":"","overlay-type":"","overlay-color":"","overlay-opacity":"","overlay-gradient":""}},"footnotes":""},"class_list":["post-343","page","type-page","status-publish","hentry"],"acf":[],"_links":{"self":[{"href":"https:\/\/slidesmedia.com\/fr\/wp-json\/wp\/v2\/pages\/343","targetHints":{"allow":["GET"]}}],"collection":[{"href":"https:\/\/slidesmedia.com\/fr\/wp-json\/wp\/v2\/pages"}],"about":[{"href":"https:\/\/slidesmedia.com\/fr\/wp-json\/wp\/v2\/types\/page"}],"author":[{"embeddable":true,"href":"https:\/\/slidesmedia.com\/fr\/wp-json\/wp\/v2\/users\/2"}],"replies":[{"embeddable":true,"href":"https:\/\/slidesmedia.com\/fr\/wp-json\/wp\/v2\/comments?post=343"}],"version-history":[{"count":0,"href":"https:\/\/slidesmedia.com\/fr\/wp-json\/wp\/v2\/pages\/343\/revisions"}],"wp:attachment":[{"href":"https:\/\/slidesmedia.com\/fr\/wp-json\/wp\/v2\/media?parent=343"}],"curies":[{"name":"wp","href":"https:\/\/api.w.org\/{rel}","templated":true}]}}