{"id":1119,"date":"2020-01-23T13:44:28","date_gmt":"2020-01-23T12:44:28","guid":{"rendered":"https:\/\/slidesmedia.com\/modeles-gratuits-pour-vos-presentations-nous-proposons-des-modeles-gratuits-pour-powerpoint-google-slides-openoffice-impress-et-keynote\/"},"modified":"2020-01-23T13:56:11","modified_gmt":"2020-01-23T12:56:11","slug":"modeles-gratuits-pour-vos-presentations-nous-proposons-des-modeles-gratuits-pour-powerpoint-google-slides-openoffice-impress-et-keynote","status":"publish","type":"page","link":"https:\/\/slidesmedia.com\/fr\/modeles-gratuits-pour-vos-presentations-nous-proposons-des-modeles-gratuits-pour-powerpoint-google-slides-openoffice-impress-et-keynote\/","title":{"rendered":"Mod\u00e8les gratuits pour vos pr\u00e9sentations Nous proposons des mod\u00e8les gratuits pour Powerpoint, Google Slides, OpenOffice Impress et Keynote"},"content":{"rendered":"<p>[tdc_zone type=\u00a0\u00bbtdc_content\u00a0\u00bb][vc_row content_align_vertical=\u00a0\u00bbcontent-vert-center\u00a0\u00bb row_divider_top=\u00a0\u00bb\u00a0\u00bb gap=\u00a0\u00bb0&Prime; tdc_css=\u00a0\u00bbeyJhbGwiOnsibWFyZ2luLWJvdHRvbSI6IjQwIiwiYmFja2dyb3VuZC1jb2xvciI6IiNkZDk5MzMiLCJkaXNwbGF5IjoiIn19&Prime; full_width=\u00a0\u00bbstretch_row\u00a0\u00bb][vc_column][vc_raw_html]PGgyIGNsYXNzPSJibHVlaGFyZCIgc3R5bGU9ImNvbG9yOiAjZmZmZmZmOyB0ZXh0LWFsaWduOiBjZW50ZXI7Ij5TbGlkZXMgTWVkaWEgZXN0IHVuZSBwbGF0ZS1mb3JtZSBwcm9wb3NhbnQgZGVzIG1vZMOobGVzIHBvdXIgdm9zIHByw6lzZW50YXRpb25zIGV0IHZvcyBwcm9qZXRzLjxicj4KTm91cyBwcm9wb3NvbnMgZGVzIG1vZMOobGVzIGdyYXR1aXRzIHBvdXIgUG93ZXJwb2ludCwgR29vZ2xlIFNsaWRlcywgT3Blbk9mZmljZSBJbXByZXNzIGV0IEtleW5vdGUuPC9oMj4=[\/vc_raw_html][\/vc_column][\/vc_row][vc_row][vc_column][vc_raw_html]PGgyIGNsYXNzPSJibHVlaGFyZCI+TW9kw6hsZXMgZ3JhdHVpdHMgw6AgdMOpbMOpY2hhcmdlci4gVMOpbMOpY2hhcmdlbWVudCBncmF0dWl0LjwvaDI+[\/vc_raw_html][td_block_4 block_template_id=\u00a0\u00bbtd_block_template_2&Prime; limit=\u00a0\u00bb18&Prime; tdc_css=\u00a0\u00bbeyJhbGwiOnsiZGlzcGxheSI6IiJ9fQ==\u00a0\u00bb][\/vc_column][\/vc_row][\/tdc_zone]<\/p>\n","protected":false},"excerpt":{"rendered":"<p>[tdc_zone type=\u00a0\u00bbtdc_content\u00a0\u00bb][vc_row content_align_vertical=\u00a0\u00bbcontent-vert-center\u00a0\u00bb row_divider_top=\u00a0\u00bb\u00a0\u00bb gap=\u00a0\u00bb0&Prime; tdc_css=\u00a0\u00bbeyJhbGwiOnsibWFyZ2luLWJvdHRvbSI6IjQwIiwiYmFja2dyb3VuZC1jb2xvciI6IiNkZDk5MzMiLCJkaXNwbGF5IjoiIn19&Prime; full_width=\u00a0\u00bbstretch_row\u00a0\u00bb][vc_column][vc_raw_html]PGgyIGNsYXNzPSJibHVlaGFyZCIgc3R5bGU9ImNvbG9yOiAjZmZmZmZmOyB0ZXh0LWFsaWduOiBjZW50ZXI7Ij5TbGlkZXMgTWVkaWEgZXN0IHVuZSBwbGF0ZS1mb3JtZSBwcm9wb3NhbnQgZGVzIG1vZMOobGVzIHBvdXIgdm9zIHByw6lzZW50YXRpb25zIGV0IHZvcyBwcm9qZXRzLjxicj4KTm91cyBwcm9wb3NvbnMgZGVzIG1vZMOobGVzIGdyYXR1aXRzIHBvdXIgUG93ZXJwb2ludCwgR29vZ2xlIFNsaWRlcywgT3Blbk9mZmljZSBJbXByZXNzIGV0IEtleW5vdGUuPC9oMj4=[\/vc_raw_html][\/vc_column][\/vc_row][vc_row][vc_column][vc_raw_html]PGgyIGNsYXNzPSJibHVlaGFyZCI+TW9kw6hsZXMgZ3JhdHVpdHMgw6AgdMOpbMOpY2hhcmdlci4gVMOpbMOpY2hhcmdlbWVudCBncmF0dWl0LjwvaDI+[\/vc_raw_html][td_block_4 block_template_id=\u00a0\u00bbtd_block_template_2&Prime; limit=\u00a0\u00bb18&Prime; tdc_css=\u00a0\u00bbeyJhbGwiOnsiZGlzcGxheSI6IiJ9fQ==\u00a0\u00bb][\/vc_column][\/vc_row][\/tdc_zone]<\/p>\n","protected":false},"author":2,"featured_media":0,"parent":0,"menu_order":0,"comment_status":"closed","ping_status":"closed","template":"","meta":{"_acf_changed":false,"site-sidebar-layout":"default","site-content-layout":"","ast-site-content-layout":"default","site-content-style":"default","site-sidebar-style":"default","ast-global-header-display":"","ast-banner-title-visibility":"","ast-main-header-display":"","ast-hfb-above-header-display":"","ast-hfb-below-header-display":"","ast-hfb-mobile-header-display":"","site-post-title":"","ast-breadcrumbs-content":"","ast-featured-img":"","footer-sml-layout":"","ast-disable-related-posts":"","theme-transparent-header-meta":"","adv-header-id-meta":"","stick-header-meta":"","header-above-stick-meta":"","header-main-stick-meta":"","header-below-stick-meta":"","astra-migrate-meta-layouts":"default","ast-page-background-enabled":"default","ast-page-background-meta":{"desktop":{"background-color":"var(--ast-global-color-4)","background-image":"","background-repeat":"repeat","background-position":"center center","background-size":"auto","background-attachment":"scroll","background-type":"","background-media":"","overlay-type":"","overlay-color":"","overlay-opacity":"","overlay-gradient":""},"tablet":{"background-color":"","background-image":"","background-repeat":"repeat","background-position":"center center","background-size":"auto","background-attachment":"scroll","background-type":"","background-media":"","overlay-type":"","overlay-color":"","overlay-opacity":"","overlay-gradient":""},"mobile":{"background-color":"","background-image":"","background-repeat":"repeat","background-position":"center center","background-size":"auto","background-attachment":"scroll","background-type":"","background-media":"","overlay-type":"","overlay-color":"","overlay-opacity":"","overlay-gradient":""}},"ast-content-background-meta":{"desktop":{"background-color":"var(--ast-global-color-5)","background-image":"","background-repeat":"repeat","background-position":"center center","background-size":"auto","background-attachment":"scroll","background-type":"","background-media":"","overlay-type":"","overlay-color":"","overlay-opacity":"","overlay-gradient":""},"tablet":{"background-color":"var(--ast-global-color-5)","background-image":"","background-repeat":"repeat","background-position":"center center","background-size":"auto","background-attachment":"scroll","background-type":"","background-media":"","overlay-type":"","overlay-color":"","overlay-opacity":"","overlay-gradient":""},"mobile":{"background-color":"var(--ast-global-color-5)","background-image":"","background-repeat":"repeat","background-position":"center center","background-size":"auto","background-attachment":"scroll","background-type":"","background-media":"","overlay-type":"","overlay-color":"","overlay-opacity":"","overlay-gradient":""}},"footnotes":""},"class_list":["post-1119","page","type-page","status-publish","hentry"],"acf":[],"_links":{"self":[{"href":"https:\/\/slidesmedia.com\/fr\/wp-json\/wp\/v2\/pages\/1119","targetHints":{"allow":["GET"]}}],"collection":[{"href":"https:\/\/slidesmedia.com\/fr\/wp-json\/wp\/v2\/pages"}],"about":[{"href":"https:\/\/slidesmedia.com\/fr\/wp-json\/wp\/v2\/types\/page"}],"author":[{"embeddable":true,"href":"https:\/\/slidesmedia.com\/fr\/wp-json\/wp\/v2\/users\/2"}],"replies":[{"embeddable":true,"href":"https:\/\/slidesmedia.com\/fr\/wp-json\/wp\/v2\/comments?post=1119"}],"version-history":[{"count":0,"href":"https:\/\/slidesmedia.com\/fr\/wp-json\/wp\/v2\/pages\/1119\/revisions"}],"wp:attachment":[{"href":"https:\/\/slidesmedia.com\/fr\/wp-json\/wp\/v2\/media?parent=1119"}],"curies":[{"name":"wp","href":"https:\/\/api.w.org\/{rel}","templated":true}]}}