{"id":213,"date":"2019-03-13T17:14:57","date_gmt":"2019-03-13T17:14:57","guid":{"rendered":"https:\/\/slidesmedia.com\/?page_id=213"},"modified":"2019-03-13T17:14:57","modified_gmt":"2019-03-13T17:14:57","slug":"terms-of-use","status":"publish","type":"page","link":"https:\/\/slidesmedia.com\/es\/terms-of-use\/","title":{"rendered":"Condiciones de uso"},"content":{"rendered":"<p>Lea atentamente las siguientes condiciones de uso antes de utilizar Slidesmedia.com. Al utilizar nuestros temas para presentaciones, usted acepta regirse por estas condiciones de uso en su totalidad. Si no est\u00e1 de acuerdo con estas condiciones de uso o con alguna parte de las mismas, no est\u00e1 en derecho de utilizar nuestros temas para presentaciones.<\/p>\n<h2>Uso de nuestros temas para presentaciones<\/h2>\n<ul>\n<li>Es libre de copiar y crear su propia presentaci\u00f3n.<\/li>\n<li>Puede utilizar cualquiera de nuestras plantillas para crear contenido para sus redes sociales.<\/li>\n<li>Tambi\u00e9n puede compartir nuestras plantillas con un amigo o conocido.<\/li>\n<li>Puede realizar modificaciones y transformaciones para cualquier prop\u00f3sito (incluso para fines comerciales).<\/li>\n<\/ul>\n<h2>Uso comercial de nuestros temas para presentaciones<\/h2>\n<ul>\n<li>Nuestros temas para presentaciones no est\u00e1n a la venta.<\/li>\n<li>No puede utilizar nuestros temas para presentaciones como forma de ganar dinero. Si acaso utiliza una plantilla nuestra para ofrecerla en su sitio web u otra plataforma, deber\u00e1 informar que la plantilla pertenece a Slidesmedia.com con un enlace hacia nuestra web. Esto tambi\u00e9n afectar\u00e1 a aquellos que hayan modificado nuestra plantilla para sus fines.<\/li>\n<\/ul>\n<h2>Prohibiciones en el uso de nuestros temas para presentaciones<\/h2>\n<ul>\n<li>No tiene los derechos para revender, sublicenciar o redistribuir (incluso de forma gratuita) los archivos por s\u00ed solos.<\/li>\n<\/ul>\n","protected":false},"excerpt":{"rendered":"<p>Lea atentamente las siguientes condiciones de uso antes de utilizar Slidesmedia.com. Al utilizar nuestros temas para presentaciones, usted acepta regirse por estas condiciones de uso en su totalidad. Si no est\u00e1 de acuerdo con estas condiciones de uso o con [&hellip;]<\/p>\n","protected":false},"author":2,"featured_media":0,"parent":0,"menu_order":0,"comment_status":"closed","ping_status":"closed","template":"","meta":{"_acf_changed":false,"site-sidebar-layout":"default","site-content-layout":"","ast-site-content-layout":"default","site-content-style":"default","site-sidebar-style":"default","ast-global-header-display":"","ast-banner-title-visibility":"","ast-main-header-display":"","ast-hfb-above-header-display":"","ast-hfb-below-header-display":"","ast-hfb-mobile-header-display":"","site-post-title":"","ast-breadcrumbs-content":"","ast-featured-img":"","footer-sml-layout":"","ast-disable-related-posts":"","theme-transparent-header-meta":"","adv-header-id-meta":"","stick-header-meta":"","header-above-stick-meta":"","header-main-stick-meta":"","header-below-stick-meta":"","astra-migrate-meta-layouts":"default","ast-page-background-enabled":"default","ast-page-background-meta":{"desktop":{"background-color":"var(--ast-global-color-4)","background-image":"","background-repeat":"repeat","background-position":"center center","background-size":"auto","background-attachment":"scroll","background-type":"","background-media":"","overlay-type":"","overlay-color":"","overlay-opacity":"","overlay-gradient":""},"tablet":{"background-color":"","background-image":"","background-repeat":"repeat","background-position":"center center","background-size":"auto","background-attachment":"scroll","background-type":"","background-media":"","overlay-type":"","overlay-color":"","overlay-opacity":"","overlay-gradient":""},"mobile":{"background-color":"","background-image":"","background-repeat":"repeat","background-position":"center center","background-size":"auto","background-attachment":"scroll","background-type":"","background-media":"","overlay-type":"","overlay-color":"","overlay-opacity":"","overlay-gradient":""}},"ast-content-background-meta":{"desktop":{"background-color":"var(--ast-global-color-5)","background-image":"","background-repeat":"repeat","background-position":"center center","background-size":"auto","background-attachment":"scroll","background-type":"","background-media":"","overlay-type":"","overlay-color":"","overlay-opacity":"","overlay-gradient":""},"tablet":{"background-color":"var(--ast-global-color-5)","background-image":"","background-repeat":"repeat","background-position":"center center","background-size":"auto","background-attachment":"scroll","background-type":"","background-media":"","overlay-type":"","overlay-color":"","overlay-opacity":"","overlay-gradient":""},"mobile":{"background-color":"var(--ast-global-color-5)","background-image":"","background-repeat":"repeat","background-position":"center center","background-size":"auto","background-attachment":"scroll","background-type":"","background-media":"","overlay-type":"","overlay-color":"","overlay-opacity":"","overlay-gradient":""}},"footnotes":""},"class_list":["post-213","page","type-page","status-publish","hentry"],"acf":[],"_links":{"self":[{"href":"https:\/\/slidesmedia.com\/es\/wp-json\/wp\/v2\/pages\/213","targetHints":{"allow":["GET"]}}],"collection":[{"href":"https:\/\/slidesmedia.com\/es\/wp-json\/wp\/v2\/pages"}],"about":[{"href":"https:\/\/slidesmedia.com\/es\/wp-json\/wp\/v2\/types\/page"}],"author":[{"embeddable":true,"href":"https:\/\/slidesmedia.com\/es\/wp-json\/wp\/v2\/users\/2"}],"replies":[{"embeddable":true,"href":"https:\/\/slidesmedia.com\/es\/wp-json\/wp\/v2\/comments?post=213"}],"version-history":[{"count":0,"href":"https:\/\/slidesmedia.com\/es\/wp-json\/wp\/v2\/pages\/213\/revisions"}],"wp:attachment":[{"href":"https:\/\/slidesmedia.com\/es\/wp-json\/wp\/v2\/media?parent=213"}],"curies":[{"name":"wp","href":"https:\/\/api.w.org\/{rel}","templated":true}]}}