{"id":206,"date":"2019-03-13T16:33:26","date_gmt":"2019-03-13T16:33:26","guid":{"rendered":"https:\/\/slidesmedia.com\/?page_id=206"},"modified":"2019-03-14T11:03:45","modified_gmt":"2019-03-14T10:03:45","slug":"acerca-de","status":"publish","type":"page","link":"https:\/\/slidesmedia.com\/es\/acerca-de\/","title":{"rendered":"Sobre Nosotros"},"content":{"rendered":"<p>Slidesmedia.com es un sitio web donde alojamos temas para presentaciones que puedes descargar para uso personal de forma completamente gratuita. Estos temas son 100% compatibles con la mayor\u00eda de software enfocado a presentaciones, como por ejemplo: Powerpoint, Google Slides, OpenOffice Impress o Keynote.<\/p>\n<p>Nuestros temas cuentan con todo lo que necesitas para comunicar tu mensaje de manera eficiente a los espectadores de la presentaci\u00f3n, y lo mejor de todo es que no tendr\u00e1s que pagar nada puesto que son completamente gratis. Tenemos temas para todo tipo de \u00e1mbitos: desde presentaciones m\u00e1s formales o profesionales, hasta m\u00e1s creativas y desenfadadas. Adem\u00e1s, semana tras semana iremos subiendo m\u00e1s, por lo que te recomendamos que est\u00e9s atento.<\/p>\n<p>Si te ha gustado alg\u00fan tema de Slidesmedia.com te rogamos que lo difundas en redes sociales. Nos ayudar\u00e1s a que m\u00e1s gente conozca nuestro proyecto y se descargue nuestros temas gratuitamente.<\/p>\n","protected":false},"excerpt":{"rendered":"<p>Slidesmedia.com es un sitio web donde alojamos temas para presentaciones que puedes descargar para uso personal de forma completamente gratuita. Estos temas son 100% compatibles con la mayor\u00eda de software enfocado a presentaciones, como por ejemplo: Powerpoint, Google Slides, OpenOffice [&hellip;]<\/p>\n","protected":false},"author":2,"featured_media":0,"parent":0,"menu_order":0,"comment_status":"closed","ping_status":"closed","template":"","meta":{"_acf_changed":false,"site-sidebar-layout":"default","site-content-layout":"","ast-site-content-layout":"default","site-content-style":"default","site-sidebar-style":"default","ast-global-header-display":"","ast-banner-title-visibility":"","ast-main-header-display":"","ast-hfb-above-header-display":"","ast-hfb-below-header-display":"","ast-hfb-mobile-header-display":"","site-post-title":"","ast-breadcrumbs-content":"","ast-featured-img":"","footer-sml-layout":"","ast-disable-related-posts":"","theme-transparent-header-meta":"","adv-header-id-meta":"","stick-header-meta":"","header-above-stick-meta":"","header-main-stick-meta":"","header-below-stick-meta":"","astra-migrate-meta-layouts":"default","ast-page-background-enabled":"default","ast-page-background-meta":{"desktop":{"background-color":"var(--ast-global-color-4)","background-image":"","background-repeat":"repeat","background-position":"center center","background-size":"auto","background-attachment":"scroll","background-type":"","background-media":"","overlay-type":"","overlay-color":"","overlay-opacity":"","overlay-gradient":""},"tablet":{"background-color":"","background-image":"","background-repeat":"repeat","background-position":"center center","background-size":"auto","background-attachment":"scroll","background-type":"","background-media":"","overlay-type":"","overlay-color":"","overlay-opacity":"","overlay-gradient":""},"mobile":{"background-color":"","background-image":"","background-repeat":"repeat","background-position":"center center","background-size":"auto","background-attachment":"scroll","background-type":"","background-media":"","overlay-type":"","overlay-color":"","overlay-opacity":"","overlay-gradient":""}},"ast-content-background-meta":{"desktop":{"background-color":"var(--ast-global-color-5)","background-image":"","background-repeat":"repeat","background-position":"center center","background-size":"auto","background-attachment":"scroll","background-type":"","background-media":"","overlay-type":"","overlay-color":"","overlay-opacity":"","overlay-gradient":""},"tablet":{"background-color":"var(--ast-global-color-5)","background-image":"","background-repeat":"repeat","background-position":"center center","background-size":"auto","background-attachment":"scroll","background-type":"","background-media":"","overlay-type":"","overlay-color":"","overlay-opacity":"","overlay-gradient":""},"mobile":{"background-color":"var(--ast-global-color-5)","background-image":"","background-repeat":"repeat","background-position":"center center","background-size":"auto","background-attachment":"scroll","background-type":"","background-media":"","overlay-type":"","overlay-color":"","overlay-opacity":"","overlay-gradient":""}},"footnotes":""},"class_list":["post-206","page","type-page","status-publish","hentry"],"acf":[],"_links":{"self":[{"href":"https:\/\/slidesmedia.com\/es\/wp-json\/wp\/v2\/pages\/206","targetHints":{"allow":["GET"]}}],"collection":[{"href":"https:\/\/slidesmedia.com\/es\/wp-json\/wp\/v2\/pages"}],"about":[{"href":"https:\/\/slidesmedia.com\/es\/wp-json\/wp\/v2\/types\/page"}],"author":[{"embeddable":true,"href":"https:\/\/slidesmedia.com\/es\/wp-json\/wp\/v2\/users\/2"}],"replies":[{"embeddable":true,"href":"https:\/\/slidesmedia.com\/es\/wp-json\/wp\/v2\/comments?post=206"}],"version-history":[{"count":0,"href":"https:\/\/slidesmedia.com\/es\/wp-json\/wp\/v2\/pages\/206\/revisions"}],"wp:attachment":[{"href":"https:\/\/slidesmedia.com\/es\/wp-json\/wp\/v2\/media?parent=206"}],"curies":[{"name":"wp","href":"https:\/\/api.w.org\/{rel}","templated":true}]}}